{"id":1446,"date":"2019-01-25T11:07:48","date_gmt":"2019-01-25T10:07:48","guid":{"rendered":"http:\/\/ercom.hr\/kontakt\/"},"modified":"2019-05-23T09:42:38","modified_gmt":"2019-05-23T07:42:38","slug":"contact","status":"publish","type":"page","link":"https:\/\/ercom.hr\/en\/contact\/","title":{"rendered":"Contact"},"content":{"rendered":"\n\t\t<h5>\n\t\t\t\t\t\t\t\t<a href=\"mailto:ercom@st.t-com.hr\" target=\"_blank\" aria-label=\"link to mailto:ercom@st.t-com.hr\" rel=\"noopener noreferrer\" >\n\t\t\t\t<\/a>\n<a href=\"mailto:ercom@st.t-com.hr\" target=\"_blank\" rel=\"noopener noreferrer\">ercom@st.t-com.hr<\/a><\/h5>\t\t\n\t\t<h5>\nMa\u017eurani\u0107evo \u0161etali\u0161te 24a, 21000 Split<\/h5>\t\t\n\t\t<h5>\n\t\t\t\t\t\t\t\t<a href=\"tel:+38521547646\" target=\"_blank\" aria-label=\"link to tel:+38521547646\" rel=\"noopener noreferrer\" >\n\t\t\t\t<\/a>\n<a href=\"tel:+38521547646\" target=\"_blank\" rel=\"noopener noreferrer\">+385 21 547 646<\/a><\/h5>\t\t\n\t\t<h5>\n\t\t\t\t\t\t\t\t<a href=\"tel:+38521547650\" target=\"_self\" aria-label=\"link to tel:+38521547650\" rel=\"noopener noreferrer\">\n\t\t\t\t<\/a>\n<a href=\"tel:+38521547650\" target=\"_self\" rel=\"noopener noreferrer\">+385 21 547 650<\/a><\/h5>\t\t\n\t\t<h5>\n\t\t\t\t\t\t\t\t<a href=\"tel:+385\u00a021 543 666\" target=\"_blank\" aria-label=\"link to tel:+385\u00a021 543 666\" rel=\"noopener noreferrer\" >\n\t\t\t\t<\/a>\n<a href=\"tel:+385\u00a021 543 666\" target=\"_blank\" rel=\"noopener noreferrer\">+385\u00a021 543 666<\/a><\/h5>\t\t\n\t<p>ERCOM d.o.o. for building, commerce and tourism<\/p>\n<p>OIB\/VAT HR 59408647742<\/p>\n<p>EORI: HR 59408647742<\/p>\n<p>MBS: 060142473<\/p>\n<p>MB: 3817628<\/p>\n<p>The Company is registered in the register of the Commercial Court in Split under number MBS 060142473, Tt-16\/9363-2.<\/p>\n<p>The share capital of the company amounts to HRK 479.300,00 and is paid in full.<\/p>\n<p>Member of the Board: Branko Spaji\u0107<\/p>\n<p>Decision on the establishment: 5.2.1992. Decision on the establishment: 13.2.1992.<\/p>\n<h3>\n\t\tSend inquiry\n\t<\/h3>\n\t<iframe src=\"https:\/\/www.google.com\/maps\/embed\/v1\/place?key=AIzaSyD09zQ9PNDNNy9TadMuzRV_UsPUoWKntt8&#038;q=Ma%C5%BEurani%C4%87evo+%C5%A1etali%C5%A1te+24a%2C+21000+Split\"><\/iframe>\n","protected":false},"excerpt":{"rendered":"","protected":false},"author":1,"featured_media":0,"parent":0,"menu_order":0,"comment_status":"closed","ping_status":"closed","template":"","meta":{"_acf_changed":false,"footnotes":""},"class_list":["post-1446","page","type-page","status-publish","hentry"],"acf":[],"yoast_head":"<!-- This site is optimized with the Yoast SEO plugin v26.6 - https:\/\/yoast.com\/wordpress\/plugins\/seo\/ -->\n<title>Contact - Ercom<\/title>\n<meta name=\"robots\" content=\"index, follow, max-snippet:-1, max-image-preview:large, max-video-preview:-1\" \/>\n<link rel=\"canonical\" href=\"https:\/\/ercom.hr\/en\/contact\/\" \/>\n<meta property=\"og:locale\" content=\"en_US\" \/>\n<meta property=\"og:type\" content=\"article\" \/>\n<meta property=\"og:title\" content=\"Contact - Ercom\" \/>\n<meta property=\"og:url\" content=\"https:\/\/ercom.hr\/en\/contact\/\" \/>\n<meta property=\"og:site_name\" content=\"Ercom\" \/>\n<meta property=\"article:modified_time\" content=\"2019-05-23T07:42:38+00:00\" \/>\n<meta name=\"twitter:card\" content=\"summary_large_image\" \/>\n<script type=\"application\/ld+json\" class=\"yoast-schema-graph\">{\"@context\":\"https:\/\/schema.org\",\"@graph\":[{\"@type\":\"WebPage\",\"@id\":\"https:\/\/ercom.hr\/en\/contact\/\",\"url\":\"https:\/\/ercom.hr\/en\/contact\/\",\"name\":\"Contact - Ercom\",\"isPartOf\":{\"@id\":\"https:\/\/ercom.hr\/en\/#website\"},\"datePublished\":\"2019-01-25T10:07:48+00:00\",\"dateModified\":\"2019-05-23T07:42:38+00:00\",\"breadcrumb\":{\"@id\":\"https:\/\/ercom.hr\/en\/contact\/#breadcrumb\"},\"inLanguage\":\"en-US\",\"potentialAction\":[{\"@type\":\"ReadAction\",\"target\":[\"https:\/\/ercom.hr\/en\/contact\/\"]}]},{\"@type\":\"BreadcrumbList\",\"@id\":\"https:\/\/ercom.hr\/en\/contact\/#breadcrumb\",\"itemListElement\":[{\"@type\":\"ListItem\",\"position\":1,\"name\":\"Po\u010detna stranica\",\"item\":\"https:\/\/ercom.hr\/en\/\"},{\"@type\":\"ListItem\",\"position\":2,\"name\":\"Contact\"}]},{\"@type\":\"WebSite\",\"@id\":\"https:\/\/ercom.hr\/en\/#website\",\"url\":\"https:\/\/ercom.hr\/en\/\",\"name\":\"Ercom\",\"description\":\"\",\"potentialAction\":[{\"@type\":\"SearchAction\",\"target\":{\"@type\":\"EntryPoint\",\"urlTemplate\":\"https:\/\/ercom.hr\/en\/?s={search_term_string}\"},\"query-input\":{\"@type\":\"PropertyValueSpecification\",\"valueRequired\":true,\"valueName\":\"search_term_string\"}}],\"inLanguage\":\"en-US\"}]}<\/script>\n<!-- \/ Yoast SEO plugin. -->","yoast_head_json":{"title":"Contact - Ercom","robots":{"index":"index","follow":"follow","max-snippet":"max-snippet:-1","max-image-preview":"max-image-preview:large","max-video-preview":"max-video-preview:-1"},"canonical":"https:\/\/ercom.hr\/en\/contact\/","og_locale":"en_US","og_type":"article","og_title":"Contact - Ercom","og_url":"https:\/\/ercom.hr\/en\/contact\/","og_site_name":"Ercom","article_modified_time":"2019-05-23T07:42:38+00:00","twitter_card":"summary_large_image","schema":{"@context":"https:\/\/schema.org","@graph":[{"@type":"WebPage","@id":"https:\/\/ercom.hr\/en\/contact\/","url":"https:\/\/ercom.hr\/en\/contact\/","name":"Contact - Ercom","isPartOf":{"@id":"https:\/\/ercom.hr\/en\/#website"},"datePublished":"2019-01-25T10:07:48+00:00","dateModified":"2019-05-23T07:42:38+00:00","breadcrumb":{"@id":"https:\/\/ercom.hr\/en\/contact\/#breadcrumb"},"inLanguage":"en-US","potentialAction":[{"@type":"ReadAction","target":["https:\/\/ercom.hr\/en\/contact\/"]}]},{"@type":"BreadcrumbList","@id":"https:\/\/ercom.hr\/en\/contact\/#breadcrumb","itemListElement":[{"@type":"ListItem","position":1,"name":"Po\u010detna stranica","item":"https:\/\/ercom.hr\/en\/"},{"@type":"ListItem","position":2,"name":"Contact"}]},{"@type":"WebSite","@id":"https:\/\/ercom.hr\/en\/#website","url":"https:\/\/ercom.hr\/en\/","name":"Ercom","description":"","potentialAction":[{"@type":"SearchAction","target":{"@type":"EntryPoint","urlTemplate":"https:\/\/ercom.hr\/en\/?s={search_term_string}"},"query-input":{"@type":"PropertyValueSpecification","valueRequired":true,"valueName":"search_term_string"}}],"inLanguage":"en-US"}]}},"_links":{"self":[{"href":"https:\/\/ercom.hr\/en\/wp-json\/wp\/v2\/pages\/1446","targetHints":{"allow":["GET"]}}],"collection":[{"href":"https:\/\/ercom.hr\/en\/wp-json\/wp\/v2\/pages"}],"about":[{"href":"https:\/\/ercom.hr\/en\/wp-json\/wp\/v2\/types\/page"}],"author":[{"embeddable":true,"href":"https:\/\/ercom.hr\/en\/wp-json\/wp\/v2\/users\/1"}],"replies":[{"embeddable":true,"href":"https:\/\/ercom.hr\/en\/wp-json\/wp\/v2\/comments?post=1446"}],"version-history":[{"count":0,"href":"https:\/\/ercom.hr\/en\/wp-json\/wp\/v2\/pages\/1446\/revisions"}],"wp:attachment":[{"href":"https:\/\/ercom.hr\/en\/wp-json\/wp\/v2\/media?parent=1446"}],"curies":[{"name":"wp","href":"https:\/\/api.w.org\/{rel}","templated":true}]}}