{"id":1253,"date":"2019-05-21T12:17:28","date_gmt":"2019-05-21T10:17:28","guid":{"rendered":"http:\/\/ercom.hr\/?page_id=1253"},"modified":"2019-05-23T11:48:14","modified_gmt":"2019-05-23T09:48:14","slug":"basic-company-information","status":"publish","type":"page","link":"https:\/\/ercom.hr\/en\/basic-company-information\/","title":{"rendered":"Basic company information"},"content":{"rendered":"\n\tERCOM d.o.o. for building, commerce and tourism<br \/>\nMa\u017eurani\u0107evo \u0161etali\u0161te 24 A<br \/>\n21000 Split\nOIB\/VAT HR 59408647742<br \/>\nEORI: HR 59408647742<br \/>\nMBS: 060142473<br \/>\nMB: 3817628\nThe Company is registered in the register of the Commercial Court in Split under number MBS 060142473, Tt-16\/9363-2.<br \/>\nThe share capital of the company amounts to HRK 479.300,00 and is paid in full.<br \/>\nMember of the Board: Branko Spaji\u0107\n<p>The decision on the establishment: 5.2.1992. The decision on the establishment: 13.2.1992.<\/p>\nGiro account at Raiffeisenbank Austria d.d. Zagreb<br \/>\nIBAN: HR7824840081105443343<br \/>\nSWIFT: RZBHHR2X\nTel: +385 98 255 441 contact person Branko Spaji\u0107<br \/>\nTel: +385 21 547 646 ; +385 21 547 650<br \/>\nFax: +385 21 543 666<br \/>\nE-mail: ercom@st.t-com.hr\n","protected":false},"excerpt":{"rendered":"","protected":false},"author":1,"featured_media":0,"parent":0,"menu_order":0,"comment_status":"closed","ping_status":"closed","template":"","meta":{"_acf_changed":false,"footnotes":""},"class_list":["post-1253","page","type-page","status-publish","hentry"],"acf":[],"yoast_head":"<!-- This site is optimized with the Yoast SEO plugin v26.6 - https:\/\/yoast.com\/wordpress\/plugins\/seo\/ -->\n<title>Basic company information - Ercom<\/title>\n<meta name=\"robots\" content=\"index, follow, max-snippet:-1, max-image-preview:large, max-video-preview:-1\" \/>\n<link rel=\"canonical\" href=\"https:\/\/ercom.hr\/en\/basic-company-information\/\" \/>\n<meta property=\"og:locale\" content=\"en_US\" \/>\n<meta property=\"og:type\" content=\"article\" \/>\n<meta property=\"og:title\" content=\"Basic company information - Ercom\" \/>\n<meta property=\"og:url\" content=\"https:\/\/ercom.hr\/en\/basic-company-information\/\" \/>\n<meta property=\"og:site_name\" content=\"Ercom\" \/>\n<meta property=\"article:modified_time\" content=\"2019-05-23T09:48:14+00:00\" \/>\n<meta name=\"twitter:card\" content=\"summary_large_image\" \/>\n<script type=\"application\/ld+json\" class=\"yoast-schema-graph\">{\"@context\":\"https:\/\/schema.org\",\"@graph\":[{\"@type\":\"WebPage\",\"@id\":\"https:\/\/ercom.hr\/en\/basic-company-information\/\",\"url\":\"https:\/\/ercom.hr\/en\/basic-company-information\/\",\"name\":\"Basic company information - Ercom\",\"isPartOf\":{\"@id\":\"https:\/\/ercom.hr\/en\/#website\"},\"datePublished\":\"2019-05-21T10:17:28+00:00\",\"dateModified\":\"2019-05-23T09:48:14+00:00\",\"breadcrumb\":{\"@id\":\"https:\/\/ercom.hr\/en\/basic-company-information\/#breadcrumb\"},\"inLanguage\":\"en-US\",\"potentialAction\":[{\"@type\":\"ReadAction\",\"target\":[\"https:\/\/ercom.hr\/en\/basic-company-information\/\"]}]},{\"@type\":\"BreadcrumbList\",\"@id\":\"https:\/\/ercom.hr\/en\/basic-company-information\/#breadcrumb\",\"itemListElement\":[{\"@type\":\"ListItem\",\"position\":1,\"name\":\"Po\u010detna stranica\",\"item\":\"https:\/\/ercom.hr\/en\/\"},{\"@type\":\"ListItem\",\"position\":2,\"name\":\"Basic company information\"}]},{\"@type\":\"WebSite\",\"@id\":\"https:\/\/ercom.hr\/en\/#website\",\"url\":\"https:\/\/ercom.hr\/en\/\",\"name\":\"Ercom\",\"description\":\"\",\"potentialAction\":[{\"@type\":\"SearchAction\",\"target\":{\"@type\":\"EntryPoint\",\"urlTemplate\":\"https:\/\/ercom.hr\/en\/?s={search_term_string}\"},\"query-input\":{\"@type\":\"PropertyValueSpecification\",\"valueRequired\":true,\"valueName\":\"search_term_string\"}}],\"inLanguage\":\"en-US\"}]}<\/script>\n<!-- \/ Yoast SEO plugin. -->","yoast_head_json":{"title":"Basic company information - Ercom","robots":{"index":"index","follow":"follow","max-snippet":"max-snippet:-1","max-image-preview":"max-image-preview:large","max-video-preview":"max-video-preview:-1"},"canonical":"https:\/\/ercom.hr\/en\/basic-company-information\/","og_locale":"en_US","og_type":"article","og_title":"Basic company information - Ercom","og_url":"https:\/\/ercom.hr\/en\/basic-company-information\/","og_site_name":"Ercom","article_modified_time":"2019-05-23T09:48:14+00:00","twitter_card":"summary_large_image","schema":{"@context":"https:\/\/schema.org","@graph":[{"@type":"WebPage","@id":"https:\/\/ercom.hr\/en\/basic-company-information\/","url":"https:\/\/ercom.hr\/en\/basic-company-information\/","name":"Basic company information - Ercom","isPartOf":{"@id":"https:\/\/ercom.hr\/en\/#website"},"datePublished":"2019-05-21T10:17:28+00:00","dateModified":"2019-05-23T09:48:14+00:00","breadcrumb":{"@id":"https:\/\/ercom.hr\/en\/basic-company-information\/#breadcrumb"},"inLanguage":"en-US","potentialAction":[{"@type":"ReadAction","target":["https:\/\/ercom.hr\/en\/basic-company-information\/"]}]},{"@type":"BreadcrumbList","@id":"https:\/\/ercom.hr\/en\/basic-company-information\/#breadcrumb","itemListElement":[{"@type":"ListItem","position":1,"name":"Po\u010detna stranica","item":"https:\/\/ercom.hr\/en\/"},{"@type":"ListItem","position":2,"name":"Basic company information"}]},{"@type":"WebSite","@id":"https:\/\/ercom.hr\/en\/#website","url":"https:\/\/ercom.hr\/en\/","name":"Ercom","description":"","potentialAction":[{"@type":"SearchAction","target":{"@type":"EntryPoint","urlTemplate":"https:\/\/ercom.hr\/en\/?s={search_term_string}"},"query-input":{"@type":"PropertyValueSpecification","valueRequired":true,"valueName":"search_term_string"}}],"inLanguage":"en-US"}]}},"_links":{"self":[{"href":"https:\/\/ercom.hr\/en\/wp-json\/wp\/v2\/pages\/1253","targetHints":{"allow":["GET"]}}],"collection":[{"href":"https:\/\/ercom.hr\/en\/wp-json\/wp\/v2\/pages"}],"about":[{"href":"https:\/\/ercom.hr\/en\/wp-json\/wp\/v2\/types\/page"}],"author":[{"embeddable":true,"href":"https:\/\/ercom.hr\/en\/wp-json\/wp\/v2\/users\/1"}],"replies":[{"embeddable":true,"href":"https:\/\/ercom.hr\/en\/wp-json\/wp\/v2\/comments?post=1253"}],"version-history":[{"count":0,"href":"https:\/\/ercom.hr\/en\/wp-json\/wp\/v2\/pages\/1253\/revisions"}],"wp:attachment":[{"href":"https:\/\/ercom.hr\/en\/wp-json\/wp\/v2\/media?parent=1253"}],"curies":[{"name":"wp","href":"https:\/\/api.w.org\/{rel}","templated":true}]}}